{"id":4489,"date":"2025-06-02T16:43:34","date_gmt":"2025-06-02T21:43:34","guid":{"rendered":"https:\/\/www.driveninsurance.com\/manage-your-policy\/"},"modified":"2025-06-02T16:45:33","modified_gmt":"2025-06-02T21:45:33","slug":"manage-your-policy","status":"publish","type":"page","link":"https:\/\/www.driveninsurance.com\/es\/manage-your-policy\/","title":{"rendered":"Administre su p\u00f3liza"},"content":{"rendered":"<p><a href=\"https:\/\/www.driveninsurance.com\/es\/contactenos\/\" class=\"zy-button\">A\u00f1adir veh\u00edculo a la p\u00f3liza<\/a><\/p>\n<p><a href=\"https:\/\/www.driveninsurance.com\/es\/contactenos\/\" class=\"zy-button\">Eliminar veh\u00edculo o conductor de la p\u00f3liza<\/a><\/p>\n<p><a href=\"https:\/\/www.driveninsurance.com\/es\/contactenos\/\" class=\"zy-button\">Solicitar tarjeta de identificaci\u00f3n<\/a><\/p>\n<p><a href=\"https:\/\/www.driveninsurance.com\/es\/contactenos\/\" class=\"zy-button\">Solicitar declaraci\u00f3n de coberturas<\/a><\/p>\n<p><a href=\"https:\/\/www.driveninsurance.com\/es\/contactenos\/\" class=\"zy-button\">Enviar declaraci\u00f3n de coberturas al acreedor prendario<\/a><\/p>\n","protected":false},"excerpt":{"rendered":"<p>A\u00f1adir veh\u00edculo a la p\u00f3liza Eliminar veh\u00edculo o conductor de la p\u00f3liza Solicitar tarjeta de identificaci\u00f3n Solicitar declaraci\u00f3n de coberturas Enviar declaraci\u00f3n de coberturas al acreedor prendario<\/p>\n","protected":false},"author":12,"featured_media":0,"parent":0,"menu_order":0,"comment_status":"closed","ping_status":"closed","template":"","meta":{"_acf_changed":false,"_seopress_robots_primary_cat":"","_seopress_titles_title":"","_seopress_titles_desc":"","_seopress_robots_index":"","_analytify_skip_tracking":false,"footnotes":""},"class_list":["post-4489","page","type-page","status-publish","hentry"],"acf":[],"_links":{"self":[{"href":"https:\/\/www.driveninsurance.com\/es\/wp-json\/wp\/v2\/pages\/4489","targetHints":{"allow":["GET"]}}],"collection":[{"href":"https:\/\/www.driveninsurance.com\/es\/wp-json\/wp\/v2\/pages"}],"about":[{"href":"https:\/\/www.driveninsurance.com\/es\/wp-json\/wp\/v2\/types\/page"}],"author":[{"embeddable":true,"href":"https:\/\/www.driveninsurance.com\/es\/wp-json\/wp\/v2\/users\/12"}],"replies":[{"embeddable":true,"href":"https:\/\/www.driveninsurance.com\/es\/wp-json\/wp\/v2\/comments?post=4489"}],"version-history":[{"count":0,"href":"https:\/\/www.driveninsurance.com\/es\/wp-json\/wp\/v2\/pages\/4489\/revisions"}],"wp:attachment":[{"href":"https:\/\/www.driveninsurance.com\/es\/wp-json\/wp\/v2\/media?parent=4489"}],"curies":[{"name":"wp","href":"https:\/\/api.w.org\/{rel}","templated":true}]}}