{"id":876,"date":"2025-02-06T14:13:09","date_gmt":"2025-02-06T20:13:09","guid":{"rendered":"https:\/\/www.driveninsurance.com\/terms-of-service\/"},"modified":"2025-02-13T14:32:25","modified_gmt":"2025-02-13T20:32:25","slug":"terms-of-service","status":"publish","type":"page","link":"https:\/\/www.driveninsurance.com\/es\/terms-of-service\/","title":{"rendered":"T\u00e9rminos de servicio"},"content":{"rendered":"<p><strong>Licencia para usar el sitio web<\/strong><\/p>\n<p>Salvo que se indique lo contrario, todos los materiales contenidos en este sitio web son propiedad protegida por derechos de autor de Driven Insurance Services. (en adelante \u201cDriven Insurance\u201d), sus compa\u00f1\u00edas afiliadas y\/o terceros licenciantes. El logotipo de Driven Insurance, todas las dem\u00e1s marcas de servicio y los nombres de los diversos productos y servicios descritos en \u00e9l son marcas de servicio de Driven Insurance o sus afiliados.<\/p>\n<p>Salvo que se indique expresamente en este documento, no deber\u00e1 utilizar ninguna parte de este sitio web ni ninguna otra propiedad intelectual de Driven Insurance (incluidas, entre otras, las marcas de servicio de Driven Insurance), en ning\u00fan otro sitio web, en el c\u00f3digo fuente de ning\u00fan otro sitio web ni en ning\u00fan otro material impreso o electr\u00f3nico. Salvo que se indique expresamente en este documento, no modificar\u00e1, publicar\u00e1, reproducir\u00e1, republicar\u00e1, crear\u00e1 trabajos derivados, copiar\u00e1, cargar\u00e1, publicar\u00e1, transmitir\u00e1, distribuir\u00e1 ni utilizar\u00e1 de otro modo el contenido de este sitio web ni enmarcar\u00e1 este sitio web dentro de ning\u00fan otro sitio web sin nuestro permiso previo por escrito. Est\u00e1 prohibida la recuperaci\u00f3n sistem\u00e1tica de datos u otro contenido de este sitio para crear o compilar, directa o indirectamente, una colecci\u00f3n, compilaci\u00f3n, base de datos o directorio, sin el permiso previo por escrito de Driven Insurance.<\/p>\n<p>No debe: Volver a publicar material de este sitio web (incluida la republicaci\u00f3n en otro sitio web); Vender, alquilar o sublicenciar material del sitio web; Mostrar cualquier material del sitio web en p\u00fablico; Reproducir, duplicar, copiar o explotar de otro modo el material de este sitio web con fines comerciales; Editar o modificar cualquier material del sitio web; o Redistribuir material de este.<\/p>\n<p><strong>Uso aceptable<\/strong><\/p>\n<p>No debe utilizar este sitio web de ninguna manera que cause, o pueda causar, da\u00f1o al sitio web o deterioro de la disponibilidad o accesibilidad del sitio web; o de cualquier manera que sea ilegal, fraudulenta o da\u00f1ina, o en conexi\u00f3n con cualquier prop\u00f3sito o actividad ilegal, fraudulenta o da\u00f1ina.<\/p>\n<p>No debe utilizar este sitio web para copiar, almacenar, alojar, transmitir, enviar, usar, publicar o distribuir ning\u00fan material que consista (o est\u00e9 vinculado a) software esp\u00eda, virus inform\u00e1tico, caballo de Troya, gusano, registrador de pulsaciones de teclas, rootkit u otro software inform\u00e1tico malicioso.<\/p>\n<p>No debe realizar ninguna actividad de recopilaci\u00f3n de datos sistem\u00e1tica o automatizada (incluidos, entre otros, raspado, extracci\u00f3n de datos, extracci\u00f3n de datos y recolecci\u00f3n de datos) en este sitio web o en relaci\u00f3n con \u00e9l sin el consentimiento expreso por escrito de Driven Insurance.<\/p>\n<p>No debes utilizar este sitio web para transmitir o enviar comunicaciones comerciales no solicitadas. No debe utilizar este sitio web para ning\u00fan prop\u00f3sito relacionado con el marketing sin el consentimiento expreso por escrito de Driven Insurance.<\/p>\n<p><strong>Acceso restringido<\/strong><\/p>\n<p>El acceso a determinadas \u00e1reas de este sitio web est\u00e1 restringido. Driven Insurance se reserva el derecho de restringir el acceso a ciertas \u00e1reas de este sitio web, o incluso a todo el sitio web, a discreci\u00f3n de Driven Insurance. Si Driven Insurance le proporciona una identificaci\u00f3n de usuario y una contrase\u00f1a para permitirle acceder a \u00e1reas restringidas de este sitio web u otros contenidos o servicios, debe asegurarse de que la identificaci\u00f3n de usuario y la contrase\u00f1a se mantengan confidenciales. En este caso, Driven Insurance puede desactivar su ID de usuario y contrase\u00f1a a su entera discreci\u00f3n sin previo aviso ni explicaci\u00f3n.<\/p>\n<p><strong>Contenido del usuario<\/strong><\/p>\n<p>En estos t\u00e9rminos y condiciones, \u00absu contenido de usuario\u00bb significa material (incluido, entre otros, texto, im\u00e1genes, material de audio, material de video y material audiovisual) que usted env\u00eda a este sitio web, para cualquier prop\u00f3sito. El contenido del usuario excluye toda la informaci\u00f3n requerida para las cotizaciones de seguros determinadas espec\u00edficamente en la Pol\u00edtica de Privacidad de Driven Insurance.<\/p>\n<p>Usted otorga a Driven Insurance una licencia mundial, irrevocable, no exclusiva y libre de regal\u00edas para usar, reproducir, adaptar, publicar, traducir y distribuir su contenido de usuario en cualquier medio existente o futuro. Tambi\u00e9n otorga a Driven Insurance el derecho a sublicenciar estos derechos y el derecho a entablar una acci\u00f3n por infracci\u00f3n de estos derechos.<\/p>\n<p>Su contenido de usuario no debe ser ilegal ni ilegal, no debe infringir los derechos legales de ning\u00fan tercero y no debe poder dar lugar a acciones legales contra usted, Driven Insurance o un tercero (en cada caso, seg\u00fan la ley aplicable).<\/p>\n<p>No debe enviar ning\u00fan contenido de usuario al sitio web que sea o haya sido objeto de alg\u00fan procedimiento legal real o amenazado u otra queja similar.<\/p>\n<p>Driven Insurance se reserva el derecho de editar o eliminar cualquier material enviado a este sitio web, o almacenado en los servidores de Driven Insurance, o alojado o publicado en este sitio web.<\/p>\n<p><strong>Sin garant\u00edas<\/strong><\/p>\n<p>Este sitio web se proporciona \u00abtal cual\u00bb sin ninguna representaci\u00f3n ni garant\u00eda, expresa o impl\u00edcita. Driven Insurance no hace representaciones ni garant\u00edas en relaci\u00f3n con este sitio web o la informaci\u00f3n y los materiales proporcionados en este sitio web.<\/p>\n<p>Sin perjuicio de la generalidad del p\u00e1rrafo anterior, Driven Insurance no garantiza que: este sitio web estar\u00e1 constantemente disponible, o estar\u00e1 disponible en absoluto; la informaci\u00f3n contenida en este sitio web es completa, verdadera, precisa o no enga\u00f1osa; o los productos y servicios anunciados en este sitio web est\u00e1n disponibles en todo momento.<\/p>\n<p>Nada en este sitio web constituye, ni pretende constituir, asesoramiento de ning\u00fan tipo. Si necesita asesoramiento en relaci\u00f3n con cualquier asunto legal, financiero o m\u00e9dico debe consultar a un profesional adecuado.<\/p>\n<p><strong>Servicios de seguros impulsados<\/strong><\/p>\n<p>Al utilizar este sitio web, usted comprende que Driven Insurance Services es una agencia de seguros autorizada en California y otros estados. Todos los productos y servicios anunciados o a los que se hace referencia en este sitio web est\u00e1n sujetos a la disponibilidad de las compa\u00f1\u00edas de seguros no relacionadas con Driven Insurance y a las normas y regulaciones de los diferentes estados donde Driven Insurance tiene licencia.<\/p>\n<p><strong>Resoluci\u00f3n de disputas (acuerdo de arbitraje)<\/strong><\/p>\n<p>Al aceptar estos T\u00e9rminos de uso, usted acepta que cualquier reclamo o disputa de cualquier tipo, ya sea por contrato, agravio, estatuto o de otro modo (incluidos, entre otros, cualquier reclamo y disputa bajo la Ley de Protecci\u00f3n al Consumidor Telef\u00f3nico o estatutos equivalentes, y todas las disputas relacionadas con la validez, interpretaci\u00f3n y alcance de esta disposici\u00f3n de arbitraje o la arbitrabilidad de cualquier reclamo o disputa) que surja o se relacione de alguna manera con estos T\u00e9rminos de uso, su uso de este sitio web, cualquier relaci\u00f3n o transacci\u00f3n resultante con Driven Insurance, o cualquier comunicaci\u00f3n que pueda recibir de o en nombre de Driven Insurance, est\u00e1 sujeta a arbitraje individual vinculante obligatorio. Esto incluye, entre otros, cualquier reclamo y disputa entre usted (incluidos sus sucesores y cesionarios) y Driven Insurance, reclamos contra cualquier tercero que proporcione cualquier producto o servicio en relaci\u00f3n con estos T\u00e9rminos de uso o este sitio web, o reclamos contra nuestros sucesores, cesionarios, matrices, subsidiarias, empleados, funcionarios, directores, afiliados y agentes, pero excluyendo cualquier reclamo estrictamente por medidas cautelares p\u00fablicas o reclamos y disputas que podr\u00edan presentarse individualmente en un tribunal de reclamos menores seg\u00fan la ley aplicable.<\/p>\n<p class=\"xxmsonormal\"><span style=\"font-family: 'Calibri',sans-serif;\">El arbitraje ser\u00e1 administrado por la Asociaci\u00f3n Americana de Arbitraje (\u201cAAA\u201d), resuelto de conformidad con la Ley Federal de Arbitraje (\u201cFAA\u201d) y regido por las Reglas Comerciales de la Asociaci\u00f3n Americana de Arbitraje (\u201cReglas AAA\u201d) vigentes al momento del reclamo o disputa, que est\u00e1n disponibles en <\/span><a href=\"http:\/\/www.adr.org\/\"><span style=\"font-family: 'Calibri',sans-serif;\">www.adr.org<\/span><\/a><span style=\"font-family: 'Calibri',sans-serif;\">\u00a0 Antes de presentar un reclamo de arbitraje ante la AAA, las partes deben intentar, de buena fe, llegar a una resoluci\u00f3n informal de cualquier disputa por un per\u00edodo de treinta (30) d\u00edas y deben notificar con razonable prontitud cualquier disputa a la otra parte (se puede comunicar con Driven Insurance at <\/span><a href=\"mailto:customerservice@driveninsurance.com\"><span style=\"font-family: 'Calibri',sans-serif;\">customerservice@driveninsurance.com<\/span><\/a><span style=\"font-family: 'Calibri',sans-serif;\">). Si el reclamo o disputa no puede resolverse informalmente dentro de este per\u00edodo, entonces el arbitraje puede, y debe, iniciarse con prontitud a partir de entonces y se deber\u00e1 notificar de inmediato el inicio del arbitraje a la otra parte. El \u00e1rbitro tendr\u00e1 la autoridad \u00fanica y exclusiva para resolver todas las cuestiones de arbitrabilidad y aplicar\u00e1 la ley sustantiva aplicable de acuerdo con las Reglas de la FAA y la AAA durante el arbitraje; siempre que, sin embargo, el \u00e1rbitro no tenga el poder de llevar a cabo un arbitraje colectivo o de modificar la disposici\u00f3n de renuncia a demanda colectiva de este Acuerdo de Arbitraje. La audiencia de arbitraje se llevar\u00e1 a cabo en el distrito federal en el que resida, por medios remotos o mediante presentaci\u00f3n documental.\u00a0<strong>AL CELEBRAR ESTE ACUERDO DE ARBITRAJE, USTED RENUNCIA A LOS DERECHOS DE PRESENTAR UNA RECLAMACI\u00d3N ANTE EL TRIBUNAL, A UN JUICIO POR JURADO, O DE PRESENTAR O PARTICIPAR EN CUALQUIER DEMANDA COLECTIVA, YA SEA COMO REPRESENTANTE O MIEMBRO DE LA CLASE.<\/strong>\u00a0Si alguna parte de este Acuerdo de arbitraje o de los T\u00e9rminos de uso se considera inv\u00e1lida o inaplicable, no invalidar\u00e1 las partes restantes de los T\u00e9rminos de uso o de este Acuerdo de arbitraje. Para evitar dudas, no podr\u00e1 proceder ninguna demanda colectiva a menos que la disposici\u00f3n de renuncia a demandas colectivas o la prohibici\u00f3n contra el arbitraje colectivo de este Acuerdo se considere inv\u00e1lida o inaplicable.<\/span><\/p>\n<p><strong>Limitaciones de responsabilidad<\/strong><\/p>\n<p>Driven Insurance no ser\u00e1 responsable ante usted (ya sea seg\u00fan la ley de contacto, la ley de da\u00f1os o de otro tipo) en relaci\u00f3n con el contenido, el uso o de otro modo en conexi\u00f3n con este sitio web por cualquier p\u00e9rdida indirecta, especial o consecuente; o por cualquier p\u00e9rdida comercial, p\u00e9rdida de ingresos, ganancias o ahorros anticipados, p\u00e9rdida de contratos o relaciones comerciales, p\u00e9rdida de reputaci\u00f3n o buena voluntad, o p\u00e9rdida o corrupci\u00f3n de informaci\u00f3n o datos. Estas limitaciones de responsabilidad se aplican incluso si Driven Insurance ha sido informado expresamente de la p\u00e9rdida potencial.<\/p>\n<p><strong>Renuncia de garant\u00eda<\/strong><\/p>\n<p>El contenido y los materiales de este sitio se proporcionan \u00abtal cual\u00bb y sin representaciones ni garant\u00edas de ning\u00fan tipo, ya sean expresas o impl\u00edcitas. En la m\u00e1xima medida permitida por la ley, Driven Insurance renuncia expresamente a todas las garant\u00edas, expresas o impl\u00edcitas, con respecto a este sitio, incluidas, entre otras, las garant\u00edas impl\u00edcitas de comerciabilidad, idoneidad para un prop\u00f3sito particular y no infracci\u00f3n. Driven Insurance no garantiza ni declara que las funciones o el funcionamiento de este sitio ser\u00e1n ininterrumpidos o estar\u00e1n libres de errores, que los defectos se corregir\u00e1n o que este sitio, sus servidores o cualquier correo electr\u00f3nico enviado desde Driven Insurance est\u00e9n libres de virus u otros componentes da\u00f1inos.<\/p>\n<p><strong>Excepciones<\/strong><\/p>\n<p>Nada en este descargo de responsabilidad del sitio web excluir\u00e1 o limitar\u00e1 cualquier garant\u00eda impl\u00edcita por ley que ser\u00eda ilegal excluir o limitar; y nada en este descargo de responsabilidad del sitio web excluir\u00e1 o limitar\u00e1 la responsabilidad de Driven Insurance Service con respecto a cualquier: muerte o lesi\u00f3n personal causada por la negligencia de Driven Insurance; fraude o tergiversaci\u00f3n fraudulenta por parte de Driven Insurance o asunto que ser\u00eda ilegal o il\u00edcito para Driven Insurance excluir o limitar, o intentar o pretender excluir o limitar, su responsabilidad.<\/p>\n<p><strong>Sensatez<\/strong><\/p>\n<p>Al utilizar este sitio web, usted acepta que las exclusiones y limitaciones de responsabilidad establecidas en este descargo de responsabilidad del sitio web son razonables. Si no cree que sean razonables, no debe utilizar este sitio web.<\/p>\n<p><strong>Disposiciones inaplicables<\/strong><\/p>\n<p>Si alguna disposici\u00f3n de este descargo de responsabilidad del sitio web es, o se determina que es, inaplicable seg\u00fan la ley aplicable, eso no afectar\u00e1 la aplicabilidad de las dem\u00e1s disposiciones de este descargo de responsabilidad del sitio web.<\/p>\n<p><strong>Indemnidad<\/strong><\/p>\n<p>Por la presente, usted indemniza a Driven Insurance y se compromete a mantener a Driven Insurance indemnizado contra cualquier p\u00e9rdida, da\u00f1o, costo, responsabilidad y gasto (incluidos, entre otros, gastos legales y cualquier monto pagado por Driven Insurance a un tercero para resolver un reclamo o disputa con el asesoramiento de los asesores legales de Driven Insurance) incurridos o sufridos por Driven Insurance como resultado de cualquier incumplimiento por su parte de cualquier disposici\u00f3n de estos t\u00e9rminos y condiciones, o como resultado de cualquier reclamo de que usted ha violado cualquier disposici\u00f3n de estos t\u00e9rminos y condiciones.<\/p>\n<p><strong>Incumplimientos de estos t\u00e9rminos y condiciones<\/strong><\/p>\n<p>Sin perjuicio de los dem\u00e1s derechos de Driven Insurance conforme a estos t\u00e9rminos y condiciones, si usted incumple estos t\u00e9rminos y condiciones de alguna manera, Driven Insurance puede tomar las medidas que Driven Insurance considere apropiadas para abordar el incumplimiento, incluida la suspensi\u00f3n de su acceso al sitio web, prohibirle el acceso al sitio web, bloquear el acceso al sitio web de las computadoras que utilizan su direcci\u00f3n IP, comunicarse con su proveedor de servicios de Internet para solicitar que bloquee su acceso al sitio web y\/o entablar procedimientos judiciales en su contra.<\/p>\n<p><strong>Sitios de terceros<\/strong><\/p>\n<p>Este sitio web contiene enlaces a otros sitios web de Internet (\u201cSitios de terceros\u201d) que no son mantenidos por Driven Insurance. Estos enlaces se proporcionan \u00fanicamente para su comodidad. Driven Insurance no ofrece garant\u00edas ni representaciones sobre el contenido de los productos o servicios ofrecidos por dichos Sitios de terceros, ni sobre el cumplimiento de la propiedad intelectual de dichos Sitios de terceros. Le recomendamos que se tome el tiempo para leer las pol\u00edticas de privacidad y los acuerdos de usuario de estos sitios.<\/p>\n<p><strong>Pol\u00edtica de ideas enviadas<\/strong><\/p>\n<p>Cuando env\u00eda ideas o materiales a Driven Insurance (\u201cEnv\u00edos\u201d), tales como marketing, publicidad, promociones, concursos, productos, servicios, dispositivos, procesos, marcas comerciales, logotipos, obras de arte, m\u00fasica, fotograf\u00edas o videos, otorga a Driven Insurance un derecho y una licencia perpetuos, irrevocables, mundiales y libres de regal\u00edas para usar, modificar, publicar, divulgar o explotar el Env\u00edo a discreci\u00f3n de Driven Insurance.<\/p>\n<p><strong>Actualizaciones<\/strong><\/p>\n<p>Driven Insurance puede revisar estos t\u00e9rminos y condiciones de vez en cuando. Los t\u00e9rminos y condiciones revisados \u200b\u200bse aplicar\u00e1n al uso de este sitio web a partir de la fecha de publicaci\u00f3n de los t\u00e9rminos y condiciones revisados \u200b\u200ben este sitio web. Consulte esta p\u00e1gina con regularidad para asegurarse de que est\u00e1 familiarizado con la versi\u00f3n actual.<\/p>\n<p><strong>Asignaci\u00f3n<\/strong><\/p>\n<p>Driven Insurance puede transferir, subcontratar o de otro modo negociar los derechos y\/u obligaciones de Driven Insurance bajo estos t\u00e9rminos y condiciones sin notific\u00e1rselo ni obtener su consentimiento. No puede transferir, subcontratar ni negociar de otro modo sus derechos y\/u obligaciones seg\u00fan estos t\u00e9rminos y condiciones.<\/p>\n<p><strong>Divisibilidad<\/strong><\/p>\n<p>Si un tribunal u otra autoridad competente determina que una disposici\u00f3n de estos t\u00e9rminos y condiciones es ilegal y\/o inaplicable, las dem\u00e1s disposiciones seguir\u00e1n en vigor. Si alguna disposici\u00f3n ilegal y\/o inaplicable fuera legal o ejecutable si se eliminara parte de ella, esa parte se considerar\u00e1 eliminada y el resto de la disposici\u00f3n continuar\u00e1 en vigor.<\/p>\n<p><strong>Acuerdo completo \/ aplicabilidad<\/strong><\/p>\n<p>Estos t\u00e9rminos y condiciones constituyen el acuerdo completo entre usted y Driven Insurance en relaci\u00f3n con su uso de este sitio web, y reemplazan todos los acuerdos anteriores con respecto a su uso de este sitio web.<\/p>\n<p>Si alguna disposici\u00f3n de estos T\u00e9rminos de uso se considera inv\u00e1lida, ilegal o por cualquier motivo inaplicable, entonces la disposici\u00f3n inv\u00e1lida, ilegal o inaplicable ser\u00e1 separable de las disposiciones restantes. Dicha disposici\u00f3n inv\u00e1lida, ilegal o inaplicable no afectar\u00e1 la validez o aplicabilidad de las disposiciones restantes.<\/p>\n<p><strong>Pol\u00edtica de privacidad<\/strong><\/p>\n<p>Revise nuestra Pol\u00edtica de privacidad, que tambi\u00e9n rige su visita al sitio web. La Pol\u00edtica de Privacidad se puede consultar en <a href=\"https:\/\/www.driveninsurance.com\/es\/politaica-de-privacidad\/\"><span style=\"font-family: 'Calibri',sans-serif;\">https:\/\/www.driveninsurance.com\/privacy-policy<\/span><\/a><span style=\"font-family: 'Calibri',sans-serif;\">\/.<\/span><\/p>\n<p><strong>Ley y jurisdicci\u00f3n<\/strong><\/p>\n<p>El uso de este sitio web se regir\u00e1 e interpretar\u00e1 de acuerdo con las leyes del Estado de California sin dar efecto a ning\u00fan principio de conflicto de leyes. Cualquier disputa relacionada con este sitio estar\u00e1 sujeta a la competencia exclusiva de un tribunal de jurisdicci\u00f3n competente en Sacramento, California.<\/p>\n<p><strong>Comunicaciones SMS<\/strong><\/p>\n<p>Las notificaciones de seguros de Driven Insurance Service tienen como objetivo proporcionar informaci\u00f3n sobre la cobertura del seguro. La frecuencia de los mensajes var\u00eda. Es posible que se apliquen tarifas de mensajes y datos. Puede enviar un mensaje de texto con DETENER en cualquier momento para cancelar las notificaciones por SMS. Para volver a suscribirse, env\u00ede un mensaje de texto con INICIO. Para obtener ayuda, puede enviar un mensaje de texto con la palabra AYUDA o llamar a nuestro n\u00famero de atenci\u00f3n al cliente de Driven Insurance Services al 855-358-9399. Los operadores no garantizan la entrega de los mensajes y no ser\u00e1n responsables de los mensajes retrasados \u200b\u200bo no entregados.<\/p>\n","protected":false},"excerpt":{"rendered":"<p>Licencia para usar el sitio web Salvo que se indique lo contrario, todos los materiales contenidos en este sitio web son propiedad protegida por derechos de autor de Driven Insurance Services. (en adelante \u201cDriven Insurance\u201d), sus compa\u00f1\u00edas afiliadas y\/o terceros licenciantes. El logotipo de Driven Insurance, todas las dem\u00e1s marcas de servicio y los nombres [&hellip;]<\/p>\n","protected":false},"author":12,"featured_media":0,"parent":0,"menu_order":0,"comment_status":"closed","ping_status":"closed","template":"","meta":{"_acf_changed":false,"_seopress_robots_primary_cat":"","_seopress_titles_title":"","_seopress_titles_desc":"","_seopress_robots_index":"","_analytify_skip_tracking":false,"footnotes":""},"class_list":["post-876","page","type-page","status-publish","hentry"],"acf":[],"_links":{"self":[{"href":"https:\/\/www.driveninsurance.com\/es\/wp-json\/wp\/v2\/pages\/876","targetHints":{"allow":["GET"]}}],"collection":[{"href":"https:\/\/www.driveninsurance.com\/es\/wp-json\/wp\/v2\/pages"}],"about":[{"href":"https:\/\/www.driveninsurance.com\/es\/wp-json\/wp\/v2\/types\/page"}],"author":[{"embeddable":true,"href":"https:\/\/www.driveninsurance.com\/es\/wp-json\/wp\/v2\/users\/12"}],"replies":[{"embeddable":true,"href":"https:\/\/www.driveninsurance.com\/es\/wp-json\/wp\/v2\/comments?post=876"}],"version-history":[{"count":0,"href":"https:\/\/www.driveninsurance.com\/es\/wp-json\/wp\/v2\/pages\/876\/revisions"}],"wp:attachment":[{"href":"https:\/\/www.driveninsurance.com\/es\/wp-json\/wp\/v2\/media?parent=876"}],"curies":[{"name":"wp","href":"https:\/\/api.w.org\/{rel}","templated":true}]}}